{"id":15238,"date":"2015-02-19T21:25:05","date_gmt":"2015-02-19T20:25:05","guid":{"rendered":"http:\/\/uniconxml.mintithemes.com\/?page_id=15238"},"modified":"2016-02-26T16:36:49","modified_gmt":"2016-02-26T15:36:49","slug":"antragsformular","status":"publish","type":"page","link":"https:\/\/www.meta-agencies.com\/gemeinsamfuerried\/antragsformular\/","title":{"rendered":"ANTRAGSFORMULAR"},"content":{"rendered":"<p>[vc_row top_padding=&#8220;60&#8243; bottom_padding=&#8220;40&#8243;][vc_column width=&#8220;1\/2&#8243;]<div class=\"minti_boxedholder   clearfix\" style=\"padding: 0px 0px 0px 0px; margin: 0px 0px 0px 0px; background-color: #1cbac8; \"><h2 class=\"headline font-special fontsize-l fontweight-700 lh-19 align-left transform-uppercase \" style=\"margin: 10px 0 10px 20px; color: #ffffff;\">Formular zur Einsendung<br \/>\nvon Antr\u00e4gen<\/h2><\/div>[\/vc_column][vc_column width=&#8220;1\/2&#8243;][vc_column_text]Anhand dieses Formulars k\u00f6nnen Sie uns ihre pers\u00f6nlichen Antr\u00e4ge bzw. Projekte unterbreiten. Wir behandeln alle \u00fcbermittelten Inhalte (Texte, Anh\u00e4nge, Bilder, etc.) absolut vertraulich und sind um eine m\u00f6glichst rasche Bearbeitung bem\u00fcht.<br \/>\n<strong>Vielen Dank!<\/strong>[\/vc_column_text][\/vc_column][\/vc_row][vc_row top_padding=&#8220;0&#8243; bottom_padding=&#8220;60&#8243;][vc_column width=&#8220;1\/1&#8243;]<div role=\"form\" class=\"wpcf7\" id=\"wpcf7-f15725-o1\" lang=\"de-DE\" dir=\"ltr\">\n<div class=\"screen-reader-response\"><p role=\"status\" aria-live=\"polite\" aria-atomic=\"true\"><\/p> <ul><\/ul><\/div>\n<form action=\"\/gemeinsamfuerried\/wp-json\/wp\/v2\/pages\/15238#wpcf7-f15725-o1\" method=\"post\" class=\"wpcf7-form init\" enctype=\"multipart\/form-data\" novalidate=\"novalidate\" data-status=\"init\">\n<div style=\"display: none;\">\n<input type=\"hidden\" name=\"_wpcf7\" value=\"15725\" \/>\n<input type=\"hidden\" name=\"_wpcf7_version\" value=\"5.3.2\" \/>\n<input type=\"hidden\" name=\"_wpcf7_locale\" value=\"de_DE\" \/>\n<input type=\"hidden\" name=\"_wpcf7_unit_tag\" value=\"wpcf7-f15725-o1\" \/>\n<input type=\"hidden\" name=\"_wpcf7_container_post\" value=\"0\" \/>\n<input type=\"hidden\" name=\"_wpcf7_posted_data_hash\" value=\"\" \/>\n<\/div>\n<div class=\"box style-2 wpb_content_element\">\n<p>Ihr Name (Pflichtfeld)<br \/>\n    <span class=\"wpcf7-form-control-wrap your-name\"><input type=\"text\" name=\"your-name\" value=\"\" size=\"40\" class=\"wpcf7-form-control wpcf7-text wpcf7-validates-as-required\" aria-required=\"true\" aria-invalid=\"false\" \/><\/span> <\/p>\n<p>Ihre Adresse<br \/>\n<span class=\"wpcf7-form-control-wrap text-178\"><input type=\"text\" name=\"text-178\" value=\"\" size=\"40\" class=\"wpcf7-form-control wpcf7-text\" aria-invalid=\"false\" placeholder=\"Truyen 1, 6531 Ried\" \/><\/span><\/p>\n<p>Ihre E-Mail-Adresse (Pflichtfeld)<br \/>\n    <span class=\"wpcf7-form-control-wrap your-email\"><input type=\"email\" name=\"your-email\" value=\"\" size=\"40\" class=\"wpcf7-form-control wpcf7-text wpcf7-email wpcf7-validates-as-required wpcf7-validates-as-email\" aria-required=\"true\" aria-invalid=\"false\" \/><\/span> <\/p>\n<p>Ihre Telefonnummer (Pflichtfeld)<br \/>\n<span class=\"wpcf7-form-control-wrap tel-337\"><input type=\"tel\" name=\"tel-337\" value=\"\" size=\"40\" class=\"wpcf7-form-control wpcf7-text wpcf7-tel wpcf7-validates-as-required wpcf7-validates-as-tel\" aria-required=\"true\" aria-invalid=\"false\" placeholder=\"zB.: 06641614233\" \/><\/span>\n<\/div>\n<div class=\"box style-2 wpb_content_element\">\n<p>Betreff ausw\u00e4hlen<br \/>\n<span class=\"wpcf7-form-control-wrap menu-267\"><select name=\"menu-267\" class=\"wpcf7-form-control wpcf7-select wpcf7-validates-as-required\" aria-required=\"true\" aria-invalid=\"false\"><option value=\"Pers\u00f6nliches Anliegen\">Pers\u00f6nliches Anliegen<\/option><option value=\"Allgemeine Auskunft\">Allgemeine Auskunft<\/option><option value=\"Hilfestellung\">Hilfestellung<\/option><option value=\"Gemeindepolitik\">Gemeindepolitik<\/option><option value=\"Kultur &amp; Kunst\">Kultur &amp; Kunst<\/option><option value=\"Sport &amp; Freizeit\">Sport &amp; Freizeit<\/option><option value=\"B\u00fcrgerinitiativen\">B\u00fcrgerinitiativen<\/option><option value=\"Kundmachungen\">Kundmachungen<\/option><option value=\"Verordnungen\">Verordnungen<\/option><\/select><\/span> <\/p>\n<p>Ihre Nachricht<br \/>\n    <span class=\"wpcf7-form-control-wrap your-message\"><textarea name=\"your-message\" cols=\"40\" rows=\"10\" class=\"wpcf7-form-control wpcf7-textarea\" aria-invalid=\"false\"><\/textarea><\/span> <\/p>\n<p>Anh\u00e4nge \u00fcbermitteln<br \/>\n<span class=\"wpcf7-form-control-wrap file-313\"><input type=\"file\" name=\"file-313\" size=\"40\" class=\"wpcf7-form-control wpcf7-file\" accept=\".txt,.pdf,.png,.jpg,.tif,.jpeg,.bmp,.doc,.docx,.gif,.odt,.ppx,.pptx,.wav,.mp3,.mp4\" aria-invalid=\"false\" \/><\/span> <\/p>\n<\/div>\n<p><input type=\"submit\" value=\"Senden\" class=\"wpcf7-form-control wpcf7-submit\" \/>   <span class=\"wpcf7-form-control-wrap checkbox-602\"><span class=\"wpcf7-form-control wpcf7-checkbox wpcf7-validates-as-required\"><span class=\"wpcf7-list-item first last\"><label><input type=\"checkbox\" name=\"checkbox-602[]\" value=\"Ich akzeptiere die AGBs.\" \/><span class=\"wpcf7-list-item-label\">Ich akzeptiere die AGBs.<\/span><\/label><\/span><\/span><\/span> <\/p>\n<div class=\"wpcf7-response-output\" aria-hidden=\"true\"><\/div><\/form><\/div>[\/vc_column][\/vc_row]<\/p>\n","protected":false},"excerpt":{"rendered":"<p>[vc_row top_padding=&#8220;60&#8243; bottom_padding=&#8220;40&#8243;][vc_column width=&#8220;1\/2&#8243;][\/vc_column][vc_column width=&#8220;1\/2&#8243;][vc_column_text]Anhand dieses Formulars k\u00f6nnen Sie uns ihre pers\u00f6nlichen Antr\u00e4ge bzw. Projekte unterbreiten. Wir behandeln alle \u00fcbermittelten Inhalte (Texte, Anh\u00e4nge, Bilder, etc.) absolut vertraulich und sind um eine m\u00f6glichst rasche Bearbeitung bem\u00fcht. Vielen Dank![\/vc_column_text][\/vc_column][\/vc_row][vc_row top_padding=&#8220;0&#8243; bottom_padding=&#8220;60&#8243;][vc_column width=&#8220;1\/1&#8243;][\/vc_column][\/vc_row]<\/p>\n","protected":false},"author":1,"featured_media":0,"parent":0,"menu_order":0,"comment_status":"closed","ping_status":"closed","template":"","meta":[],"_links":{"self":[{"href":"https:\/\/www.meta-agencies.com\/gemeinsamfuerried\/wp-json\/wp\/v2\/pages\/15238"}],"collection":[{"href":"https:\/\/www.meta-agencies.com\/gemeinsamfuerried\/wp-json\/wp\/v2\/pages"}],"about":[{"href":"https:\/\/www.meta-agencies.com\/gemeinsamfuerried\/wp-json\/wp\/v2\/types\/page"}],"author":[{"embeddable":true,"href":"https:\/\/www.meta-agencies.com\/gemeinsamfuerried\/wp-json\/wp\/v2\/users\/1"}],"replies":[{"embeddable":true,"href":"https:\/\/www.meta-agencies.com\/gemeinsamfuerried\/wp-json\/wp\/v2\/comments?post=15238"}],"version-history":[{"count":30,"href":"https:\/\/www.meta-agencies.com\/gemeinsamfuerried\/wp-json\/wp\/v2\/pages\/15238\/revisions"}],"predecessor-version":[{"id":16632,"href":"https:\/\/www.meta-agencies.com\/gemeinsamfuerried\/wp-json\/wp\/v2\/pages\/15238\/revisions\/16632"}],"wp:attachment":[{"href":"https:\/\/www.meta-agencies.com\/gemeinsamfuerried\/wp-json\/wp\/v2\/media?parent=15238"}],"curies":[{"name":"wp","href":"https:\/\/api.w.org\/{rel}","templated":true}]}}