{"id":16655,"date":"2016-02-26T20:04:31","date_gmt":"2016-02-26T19:04:31","guid":{"rendered":"http:\/\/www.meta-agencies.com\/gemeinsamfuerried\/?page_id=16655"},"modified":"2016-04-08T03:48:53","modified_gmt":"2016-04-08T01:48:53","slug":"ziele","status":"publish","type":"page","link":"https:\/\/www.meta-agencies.com\/gemeinsamfuerried\/ziele\/","title":{"rendered":"ZIELE"},"content":{"rendered":"<p>[vc_row type=&#8220;full_width_section&#8220; top_padding=&#8220;60&#8243;][vc_column width=&#8220;1\/6&#8243;][\/vc_column][vc_column width=&#8220;4\/6&#8243;]<div class=\"minti_boxedholder   clearfix\" style=\"padding: 0px 20px 0px 20px; margin: 0px 0px 0px 0px; \"><div class=\"single_image wpb_content_element align-center    \" data-animation=\"none\" data-delay=\"0\"><img width=\"1920\" height=\"741\" src=\"https:\/\/www.meta-agencies.com\/gemeinsamfuerried\/wp-content\/uploads\/WEB-Gruppenbild-half.png\" class=\"attachment-full\" alt=\"\" loading=\"lazy\" srcset=\"https:\/\/www.meta-agencies.com\/gemeinsamfuerried\/wp-content\/uploads\/WEB-Gruppenbild-half.png 1920w, https:\/\/www.meta-agencies.com\/gemeinsamfuerried\/wp-content\/uploads\/WEB-Gruppenbild-half-300x116.png 300w, https:\/\/www.meta-agencies.com\/gemeinsamfuerried\/wp-content\/uploads\/WEB-Gruppenbild-half-1024x395.png 1024w\" sizes=\"(max-width: 1920px) 100vw, 1920px\" \/><\/div><\/div>[\/vc_column][vc_column width=&#8220;1\/6&#8243;][\/vc_column][\/vc_row][vc_row bg_color=&#8220;#ffde19&#8243; top_padding=&#8220;0&#8243; bottom_padding=&#8220;0&#8243;][vc_column width=&#8220;1\/1&#8243;]<div class=\"minti_boxedholder   clearfix\" style=\"padding: 0px 0px 0px 0px; margin: 0px 0px 0px 0px; \"><div class=\"newdivider align-center\" style=\"border-bottom-style: solid; border-color: #ffde19; border-bottom-width: 2px; margin-top: 0; margin-bottom: 0; width: 100%; \"><\/div><div class=\"clear\"><\/div><\/div>[\/vc_column][\/vc_row][vc_row type=&#8220;full_width_section&#8220; bg_color=&#8220;rgba(255,222,25,0.88)&#8220; top_padding=&#8220;20&#8243; bottom_padding=&#8220;120&#8243;][vc_column column_padding=&#8220;custom-padding&#8220; width=&#8220;1\/4&#8243;][\/vc_column][vc_column column_padding=&#8220;custom-padding&#8220; column_custompadding=&#8220;50px 50px 10px 30px&#8220; width=&#8220;2\/4&#8243;]<h2 class=\"headline font-inherit fontsize-xxxxl fontweight-inherit lh-inherit align-left transform-inherit \" style=\"margin: 20px 0 20px 0; color: #ffffff;\">UNSER RIED. UNSERE ZIELE<\/h2><div class=\"spacer\" style=\"height: 20px;\"><\/div><div class=\"minti_boxedholder   clearfix\" style=\"padding: 0px 0px 40px 20px; margin: 0px 0px 0px 0px; \">[vc_column_text]<\/p>\n<h4>POLITIK \/ GEMEINDE<\/h4>\n<i class=\"fa fa-angle-right minti-icon\" style=\"color:#ffffff !important; font-size: 22px; margin: 2px 0px 0px 0px\"><\/i> Sicherstellung von fairem, zukunftsorientiertem, objektivem und unbefangenem Handeln aller Rieder Gemeinder\u00e4tInnen<br \/>\n<i class=\"fa fa-angle-right minti-icon\" style=\"color:#ffffff !important; font-size: 22px; margin: 2px 0px 0px 0px\"><\/i> Gestaltung der Gemeinde zu einem serviceorientierten Dienstleistungsbetrieb<br \/>\n_\u00a0 Abendsprechstunden f\u00fcr Berufst\u00e4tige und M\u00fctter<br \/>\n_\u00a0 B\u00fcrgerforum und Gemeindezeitung zur Information und Schaffung von Transparenz<br \/>\n<i class=\"fa fa-angle-right minti-icon\" style=\"color:#ffffff !important; font-size: 22px; margin: 2px 0px 0px 0px\"><\/i> Sicherung einer geordneten Gemeindewirtschaft und gleiche Rechte f\u00fcr Alle[\/vc_column_text]<\/div><div class=\"minti_boxedholder   clearfix\" style=\"padding: 0px 0px 40px 20px; margin: 0px 0px 0px 0px; \">[vc_column_text]<\/p>\n<h4>INFRASTRUKTUR \/ WIRTSCHAFT<\/h4>\n<i class=\"fa fa-angle-right minti-icon\" style=\"color:#ffffff !important; font-size: 22px; margin: 2px 0px 0px 0px\"><\/i> Schaffung von 2. Gewerbegebiet und verst\u00e4rkte Auftragsvergabe an ortsans\u00e4ssige Betriebe<br \/>\n<i class=\"fa fa-angle-right minti-icon\" style=\"color:#ffffff !important; font-size: 22px; margin: 2px 0px 0px 0px\"><\/i> Bartlepui &#8211; Abschluss der 1. Bauphase und Vorbereitung der Vergabe f\u00fcr die 2. Bauphase<br \/>\n<i class=\"fa fa-angle-right minti-icon\" style=\"color:#ffffff !important; font-size: 22px; margin: 2px 0px 0px 0px\"><\/i> Realisierung des Trinkwasserkraftwerks Fendlerbach<br \/>\n<i class=\"fa fa-angle-right minti-icon\" style=\"color:#ffffff !important; font-size: 22px; margin: 2px 0px 0px 0px\"><\/i> Nutzungskonzept f\u00fcr Gemeindehaus und Bau eines behindertengerechten Zuganges<br \/>\n<i class=\"fa fa-angle-right minti-icon\" style=\"color:#ffffff !important; font-size: 22px; margin: 2px 0px 0px 0px\"><\/i> Endg\u00fcltige Festlegung der Stra\u00dfenbezeichnungen mit Hausnummern<br \/>\n<i class=\"fa fa-angle-right minti-icon\" style=\"color:#ffffff !important; font-size: 22px; margin: 0px 0px 0px 0px\"><\/i> Sanierung der Stra\u00dfe (inkl. Wasserleitung) ab Klostergasse bis Lagerhaus[\/vc_column_text]<\/div><div class=\"minti_boxedholder   clearfix\" style=\"padding: 0px 0px 40px 20px; margin: 0px 0px 0px 0px; \">[vc_column_text]<\/p>\n<h4>LANDWIRTSCHAFT \/ TOURISMUS<\/h4>\n<i class=\"fa fa-angle-right minti-icon\" style=\"color:#ffffff !important; font-size: 22px; margin: 2px 0px 0px 0px\"><\/i> Unterst\u00fctzung der Almen und Umstrukturierung der Dorfsennerei<br \/>\n_ Einrichtung eines Bauernladens im Dorfzentrum zur Vermarktung heimischer Erzeugnisse<br \/>\n_ Zusammenarbeit von Landwirtschaft und Tourismus durch gemeinsame Projekte st\u00e4rken<br \/>\n<i class=\"fa fa-angle-right minti-icon\" style=\"color:#ffffff !important; font-size: 22px; margin: 2px 0px 0px 0px\"><\/i> Verbesserung des Dorftourismus und F\u00f6rderung von Hotels und Privatzimmervermietungen<br \/>\n_ Verbesserung und Erweiterung des Angebots f\u00fcr heimische und ausw\u00e4rtige G\u00e4ste<br \/>\n_ Steigerung der Attraktivit\u00e4t von tourismusbezogenen Arbeitspl\u00e4tzen<br \/>\n<i class=\"fa fa-angle-right minti-icon\" style=\"color:#ffffff !important; font-size: 22px; margin: 2px 0px 0px 0px\"><\/i> Regionale Tourismusprojekte wie bspw. die Aufwertung\/Erweiterung des Schigebietes Fendels[\/vc_column_text]<\/div><div class=\"minti_boxedholder   clearfix\" style=\"padding: 0px 0px 40px 20px; margin: 0px 0px 0px 0px; \">[vc_column_text]<\/p>\n<h4>FAMILIE \/ JUGEND<\/h4>\n<i class=\"fa fa-angle-right minti-icon\" style=\"color:#ffffff !important; font-size: 22px; margin: 2px 0px 0px 0px\"><\/i> Bibiland: Erweiterung durch Sitz- und Schattenpl\u00e4tze, Trinkbrunnen und \u00f6ffentlichem WC<br \/>\n<i class=\"fa fa-angle-right minti-icon\" style=\"color:#ffffff !important; font-size: 22px; margin: 2px 0px 0px 0px\"><\/i> Einrichtung eines Jugendzentrums(-raumes) im Ortskern mit entsprechender Betreuung<br \/>\n<i class=\"fa fa-angle-right minti-icon\" style=\"color:#ffffff !important; font-size: 22px; margin: 2px 0px 0px 0px\"><\/i> Sicherung und Ausbau von steuerlichen Entlastungen f\u00fcr Familien und Alleinerziehende[\/vc_column_text]<\/div><div class=\"minti_boxedholder   clearfix\" style=\"padding: 0px 0px 0px 20px; margin: 0px 0px 0px 0px; \">[vc_column_text]<\/p>\n<h4>FREIZEIT \/ KULTUR<\/h4>\n<i class=\"fa fa-angle-right minti-icon\" style=\"color:#ffffff !important; font-size: 22px; margin: 2px 0px 0px 0px\"><\/i> Schloss Sigmundsried als regionales Kultur- und Begegnungszentrum etablieren<br \/>\n<i class=\"fa fa-angle-right minti-icon\" style=\"color:#ffffff !important; font-size: 22px; margin: 2px 0px 0px 0px\"><\/i> F\u00f6rderung der heimischen Vereine, kulturellen Initiativen und der K\u00fcnstlerschaft<br \/>\n<i class=\"fa fa-angle-right minti-icon\" style=\"color:#ffffff !important; font-size: 22px; margin: 2px 0px 0px 0px\"><\/i> Errichtung eines Mehrzwecksaales zur \u00f6ffentlichen und kulturellen Nutzung[\/vc_column_text]<\/div>[\/vc_column][vc_column width=&#8220;1\/4&#8243;][\/vc_column][\/vc_row][vc_row type=&#8220;full_width_section&#8220; bg_color=&#8220;rgba(255,222,25,0.88)&#8220; section_arrow=&#8220;false&#8220; top_padding=&#8220;0&#8243; bottom_padding=&#8220;40&#8243;][vc_column width=&#8220;1\/3&#8243;][\/vc_column][vc_column width=&#8220;1\/3&#8243;][\/vc_column][vc_column width=&#8220;1\/3&#8243;]<div class=\"minti_boxedholder   clearfix\" style=\"padding: 0px 40px 20px 0px; margin: 0px 0px 0px 0px; \"><div class=\"single_image wpb_content_element align-right   image_zoom \" data-animation=\"none\" data-delay=\"0\"><img width=\"300\" height=\"32\" src=\"https:\/\/www.meta-agencies.com\/gemeinsamfuerried\/wp-content\/uploads\/SAUBER-POLITIK_1920x100-300x32.png\" class=\"attachment-medium\" alt=\"\" loading=\"lazy\" srcset=\"https:\/\/www.meta-agencies.com\/gemeinsamfuerried\/wp-content\/uploads\/SAUBER-POLITIK_1920x100-300x32.png 300w, https:\/\/www.meta-agencies.com\/gemeinsamfuerried\/wp-content\/uploads\/SAUBER-POLITIK_1920x100.png 934w\" sizes=\"(max-width: 300px) 100vw, 300px\" \/><\/div><\/div>[\/vc_column][\/vc_row][vc_row top_padding=&#8220;40&#8243; bottom_padding=&#8220;40&#8243;][vc_column width=&#8220;1\/1&#8243;]<div class=\"minti_masonrygrid  clearfix\"><div class=\"grid-sizer\"><\/div><div class=\"minti_masonrygrid_item masonry_icon masonry_ss\"><a href=\"http:\/\/www.meta-agencies.com\/gemeinsamfuerried\/unser-kandidat\/\" target=\"_self\"><div class=\"minti_masonrygrid_item_wrap\"><div class=\"minti_masonrygrid_item_inner\"><div class=\"minti_masonrygrid_item_cell\"><i class=\"fa fa-male\"><\/i><h4 class=\"font-special\">UNSER KANDIDAT<\/h4><\/div><\/div><\/div><\/a><\/div><div class=\"minti_masonrygrid_item masonry_icon masonry_ss\"><a href=\"http:\/\/www.meta-agencies.com\/gemeinsamfuerried\/team\/\" target=\"_self\"><div class=\"minti_masonrygrid_item_wrap\"><div class=\"minti_masonrygrid_item_inner\"><div class=\"minti_masonrygrid_item_cell\"><i class=\"fa fa-users\"><\/i><h4 class=\"font-special\">UNSER TEAM<\/h4><\/div><\/div><\/div><\/a><\/div><div class=\"minti_masonrygrid_item masonry_icon masonry_ss\"><a href=\"http:\/\/www.meta-agencies.com\/gemeinsamfuerried\/infoportal\/\" target=\"_self\"><div class=\"minti_masonrygrid_item_wrap\"><div class=\"minti_masonrygrid_item_inner\"><div class=\"minti_masonrygrid_item_cell\"><i class=\"fa fa-check-square-o\"><\/i><h4 class=\"font-special\">UNSER RIED<\/h4><\/div><\/div><\/div><\/a><\/div><div class=\"minti_masonrygrid_item masonry_icon masonry_ss\"><a href=\"http:\/\/www.meta-agencies.com\/gemeinsamfuerried\/ziele\/\" target=\"_self\"><div class=\"minti_masonrygrid_item_wrap\"><div class=\"minti_masonrygrid_item_inner\"><div class=\"minti_masonrygrid_item_cell\"><i class=\"fa fa-calendar\"><\/i><h4 class=\"font-special\">UNSERE ZIELE<\/h4><\/div><\/div><\/div><\/a><\/div><\/div>[\/vc_column][\/vc_row]<\/p>\n","protected":false},"excerpt":{"rendered":"<p>[vc_row type=&#8220;full_width_section&#8220; top_padding=&#8220;60&#8243;][vc_column width=&#8220;1\/6&#8243;][\/vc_column][vc_column width=&#8220;4\/6&#8243;][\/vc_column][vc_column width=&#8220;1\/6&#8243;][\/vc_column][\/vc_row][vc_row bg_color=&#8220;#ffde19&#8243; top_padding=&#8220;0&#8243; bottom_padding=&#8220;0&#8243;][vc_column width=&#8220;1\/1&#8243;][\/vc_column][\/vc_row][vc_row type=&#8220;full_width_section&#8220; bg_color=&#8220;rgba(255,222,25,0.88)&#8220; top_padding=&#8220;20&#8243; bottom_padding=&#8220;120&#8243;][vc_column column_padding=&#8220;custom-padding&#8220; width=&#8220;1\/4&#8243;][\/vc_column][vc_column column_padding=&#8220;custom-padding&#8220; column_custompadding=&#8220;50px 50px 10px 30px&#8220; width=&#8220;2\/4&#8243;][\/vc_column][vc_column width=&#8220;1\/4&#8243;][\/vc_column][\/vc_row][vc_row type=&#8220;full_width_section&#8220; bg_color=&#8220;rgba(255,222,25,0.88)&#8220; section_arrow=&#8220;false&#8220; top_padding=&#8220;0&#8243; bottom_padding=&#8220;40&#8243;][vc_column width=&#8220;1\/3&#8243;][\/vc_column][vc_column width=&#8220;1\/3&#8243;][\/vc_column][vc_column width=&#8220;1\/3&#8243;][\/vc_column][\/vc_row][vc_row top_padding=&#8220;40&#8243; bottom_padding=&#8220;40&#8243;][vc_column width=&#8220;1\/1&#8243;][\/vc_column][\/vc_row]<\/p>\n","protected":false},"author":1,"featured_media":0,"parent":0,"menu_order":0,"comment_status":"closed","ping_status":"closed","template":"","meta":[],"_links":{"self":[{"href":"https:\/\/www.meta-agencies.com\/gemeinsamfuerried\/wp-json\/wp\/v2\/pages\/16655"}],"collection":[{"href":"https:\/\/www.meta-agencies.com\/gemeinsamfuerried\/wp-json\/wp\/v2\/pages"}],"about":[{"href":"https:\/\/www.meta-agencies.com\/gemeinsamfuerried\/wp-json\/wp\/v2\/types\/page"}],"author":[{"embeddable":true,"href":"https:\/\/www.meta-agencies.com\/gemeinsamfuerried\/wp-json\/wp\/v2\/users\/1"}],"replies":[{"embeddable":true,"href":"https:\/\/www.meta-agencies.com\/gemeinsamfuerried\/wp-json\/wp\/v2\/comments?post=16655"}],"version-history":[{"count":42,"href":"https:\/\/www.meta-agencies.com\/gemeinsamfuerried\/wp-json\/wp\/v2\/pages\/16655\/revisions"}],"predecessor-version":[{"id":16794,"href":"https:\/\/www.meta-agencies.com\/gemeinsamfuerried\/wp-json\/wp\/v2\/pages\/16655\/revisions\/16794"}],"wp:attachment":[{"href":"https:\/\/www.meta-agencies.com\/gemeinsamfuerried\/wp-json\/wp\/v2\/media?parent=16655"}],"curies":[{"name":"wp","href":"https:\/\/api.w.org\/{rel}","templated":true}]}}