{"id":17006,"date":"2016-10-03T21:19:34","date_gmt":"2016-10-03T19:19:34","guid":{"rendered":"http:\/\/www.meta-agencies.com\/gemeinsamfuerried\/?page_id=17006"},"modified":"2016-10-13T00:03:55","modified_gmt":"2016-10-12T22:03:55","slug":"rechtsdatenbank","status":"publish","type":"page","link":"https:\/\/www.meta-agencies.com\/gemeinsamfuerried\/rechtsdatenbank\/","title":{"rendered":"VERORDNUNGEN"},"content":{"rendered":"<p>[vc_row type=&#8220;full_width_section&#8220; bg_color=&#8220;#1cbac8&#8243; bg_position=&#8220;left top&#8220;][vc_column bg_color=&#8220;#222222&#8243; column_padding=&#8220;padding-5&#8243; text_color=&#8220;custom&#8220; custom_text_color=&#8220;#1cbac8&#8243; width=&#8220;1\/2&#8243;]<div class=\"spacer\" style=\"height: 240px;\"><\/div>[vc_row_inner][vc_column_inner]<div class=\"minti_boxedholder   clearfix\" style=\"padding: 0px 0px 0px 0px; margin: 0px 0px 0px 0px; \"><h1 class=\"headline font-special fontsize-xxxxxl fontweight-inherit lh-13 align-left transform-uppercase \" style=\"margin: 0 0 120px 0; color: #1cbac8;\">WILLKOMMEN<br \/>\nIN UNSERER DATENBANK<br \/>\nF\u00dcR <span style=\"color: #ffffff;\">VERORDNUNGEN.<\/span><\/h1><\/div>[\/vc_column_inner][\/vc_row_inner]<div class=\"spacer\" style=\"height: 125px;\"><\/div><div class=\"spacer\" style=\"height: 65px;\"><\/div>[\/vc_column][vc_column bg_color=&#8220;#1cbac8&#8243; column_padding=&#8220;padding-5&#8243; column_center=&#8220;true&#8220; text_color=&#8220;custom&#8220; width=&#8220;1\/2&#8243;]<div class=\"spacer\" style=\"height: 0px;\"><\/div><div class=\"iconbox  wpb_content_element iconbox-style-2 icon-color-custom color-dark clearfix\"><div class=\"iconbox-icon\"><i class=\"fa fa-download boxicon\" style=\"color: #ffffff;\"><\/i><\/div><div class=\"iconbox-content\"><h3>HIER FINDEN SIE ENTSPRECHENDE DOKUMENTE ZUR EINSICHT VOR!<\/h3><p><span style=\"color: #ffffff;\">Wir bitten Sie, mit den Dokumenten sorgsam umzugehen und weisen Sie daraufhin, dass wir keinerlei Gew\u00e4hr f\u00fcr etwaige Fehler hinsichtlich Grammatik und Inhalt, sowie m\u00f6gliche daraus resultierende Sch\u00e4den jeglicher<\/span><br \/>\n<span style=\"color: #ffffff;\">Art \u00fcbernehmen.<\/span><\/p>\n<p><script src=\"\/gemeinsamfuerried\/files-js.php?%2FVerordnungen\"><\/script><\/p><\/div><\/div><div class=\"spacer\" style=\"height: 40px;\"><\/div>[\/vc_column][\/vc_row]<\/p>\n","protected":false},"excerpt":{"rendered":"<p>[vc_row type=&#8220;full_width_section&#8220; bg_color=&#8220;#1cbac8&#8243; bg_position=&#8220;left top&#8220;][vc_column bg_color=&#8220;#222222&#8243; column_padding=&#8220;padding-5&#8243; text_color=&#8220;custom&#8220; custom_text_color=&#8220;#1cbac8&#8243; width=&#8220;1\/2&#8243;][vc_row_inner][vc_column_inner][\/vc_column_inner][\/vc_row_inner][\/vc_column][vc_column bg_color=&#8220;#1cbac8&#8243; column_padding=&#8220;padding-5&#8243; column_center=&#8220;true&#8220; text_color=&#8220;custom&#8220; width=&#8220;1\/2&#8243;][\/vc_column][\/vc_row]<\/p>\n","protected":false},"author":1,"featured_media":0,"parent":0,"menu_order":0,"comment_status":"closed","ping_status":"closed","template":"","meta":[],"_links":{"self":[{"href":"https:\/\/www.meta-agencies.com\/gemeinsamfuerried\/wp-json\/wp\/v2\/pages\/17006"}],"collection":[{"href":"https:\/\/www.meta-agencies.com\/gemeinsamfuerried\/wp-json\/wp\/v2\/pages"}],"about":[{"href":"https:\/\/www.meta-agencies.com\/gemeinsamfuerried\/wp-json\/wp\/v2\/types\/page"}],"author":[{"embeddable":true,"href":"https:\/\/www.meta-agencies.com\/gemeinsamfuerried\/wp-json\/wp\/v2\/users\/1"}],"replies":[{"embeddable":true,"href":"https:\/\/www.meta-agencies.com\/gemeinsamfuerried\/wp-json\/wp\/v2\/comments?post=17006"}],"version-history":[{"count":6,"href":"https:\/\/www.meta-agencies.com\/gemeinsamfuerried\/wp-json\/wp\/v2\/pages\/17006\/revisions"}],"predecessor-version":[{"id":17112,"href":"https:\/\/www.meta-agencies.com\/gemeinsamfuerried\/wp-json\/wp\/v2\/pages\/17006\/revisions\/17112"}],"wp:attachment":[{"href":"https:\/\/www.meta-agencies.com\/gemeinsamfuerried\/wp-json\/wp\/v2\/media?parent=17006"}],"curies":[{"name":"wp","href":"https:\/\/api.w.org\/{rel}","templated":true}]}}