{"id":17073,"date":"2016-10-12T23:07:22","date_gmt":"2016-10-12T21:07:22","guid":{"rendered":"http:\/\/www.meta-agencies.com\/gemeinsamfuerried\/?page_id=17073"},"modified":"2016-10-12T23:37:34","modified_gmt":"2016-10-12T21:37:34","slug":"presse","status":"publish","type":"page","link":"https:\/\/www.meta-agencies.com\/gemeinsamfuerried\/presse\/","title":{"rendered":"PRESSE"},"content":{"rendered":"<p>[vc_row type=&#8220;full_width_section&#8220; bg_color=&#8220;#1cbac8&#8243; bottom_padding=&#8220;0&#8243; bg_position=&#8220;left top&#8220;][vc_column bg_color=&#8220;#222222&#8243; column_padding=&#8220;padding-5&#8243; text_color=&#8220;custom&#8220; custom_text_color=&#8220;#1cbac8&#8243; width=&#8220;1\/2&#8243;]<div class=\"spacer\" style=\"height: 40px;\"><\/div>[vc_row_inner][vc_column_inner]<div class=\"minti_boxedholder   clearfix\" style=\"padding: 0px 0px 0px 0px; margin: 0px 0px 0px 0px; \"><h1 class=\"headline font-special fontsize-xxxxxl fontweight-inherit lh-13 align-left transform-uppercase \" style=\"margin: 0 0 120px 0; color: #1cbac8;\">INTERESSANTE UND<br \/>\nWEITERF\u00dcHRENDE BERICHTERSTATTUNG<br \/>\n<span style=\"color: #ffffff;\">PRESSE.<\/span><\/h1><\/div>[\/vc_column_inner][\/vc_row_inner]<div class=\"spacer\" style=\"height: 125px;\"><\/div>[vc_row_inner][vc_column_inner width=&#8220;1\/3&#8243;]<div class=\"minti_boxedholder   clearfix\" style=\"padding: 60px 3px 0px 3px; margin: 0px 0px 0px 0px; \"><a href=\"http:\/\/www.meta-agencies.com\/gemeinsamfuerried\/niederschriften\/\" target=\"_self\" class=\"button color-8 full \" style=\"border-radius: 10px;\">NIEDERSCHRIFTEN<\/a><\/div>[\/vc_column_inner][vc_column_inner width=&#8220;1\/3&#8243;]<div class=\"minti_boxedholder   clearfix\" style=\"padding: 60px 3px 0px 3px; margin: 0px 0px 0px 0px; \"><a href=\"http:\/\/www.meta-agencies.com\/gemeinsamfuerried\/initiativen\/\" target=\"_self\" class=\"button color-8 full \" style=\"border-radius: 10px;\">INITIATIVEN<\/a><\/div>[\/vc_column_inner][vc_column_inner width=&#8220;1\/3&#8243;]<div class=\"minti_boxedholder   clearfix\" style=\"padding: 60px 3px 0px 3px; margin: 0px 0px 0px 0px; \"><a href=\"http:\/\/www.meta-agencies.com\/gemeinsamfuerried\/anfragen\/\" target=\"_self\" class=\"button color-8 full \" style=\"border-radius: 10px;\">ANFRAGEN<\/a><\/div>[\/vc_column_inner][\/vc_row_inner]<div class=\"spacer\" style=\"height: 65px;\"><\/div>[\/vc_column][vc_column bg_color=&#8220;#1cbac8&#8243; column_padding=&#8220;padding-5&#8243; column_center=&#8220;true&#8220; text_color=&#8220;custom&#8220; width=&#8220;1\/2&#8243;]<div class=\"spacer\" style=\"height: 40px;\"><\/div><div class=\"iconbox  wpb_content_element iconbox-style-2 icon-color-custom color-dark clearfix\"><div class=\"iconbox-icon\"><i class=\"fa fa-download boxicon\" style=\"color: #ffffff;\"><\/i><\/div><div class=\"iconbox-content\"><h3>HIER FINDEN SIE PRESSEBERICHTE UND FOTOS VOR!<\/h3><p><span style=\"color: #ffffff;\">St\u00f6bern Sie in unserem Presse-Archiv! Wir bem\u00fchen uns darum, zuk\u00fcnftig weitere interessante Artikel f\u00fcr Sie bereitzustellen.<\/span><br \/>\n<span style=\"color: #ffffff;\">Art \u00fcbernehmen.<\/span><\/p><\/div><\/div><div class=\"minti_boxedholder   clearfix\" style=\"padding: 0px 0px 0px 0px; margin: 0px 0px 0px 55px; \">[vc_column_text]<script src=\"\/gemeinsamfuerried\/files-js.php?%2FPresse%2FReihe-1\"><\/script>[\/vc_column_text]<\/div><div class=\"spacer\" style=\"height: 40px;\"><\/div>[\/vc_column][\/vc_row]<\/p>\n","protected":false},"excerpt":{"rendered":"<p>[vc_row type=&#8220;full_width_section&#8220; bg_color=&#8220;#1cbac8&#8243; bottom_padding=&#8220;0&#8243; bg_position=&#8220;left top&#8220;][vc_column bg_color=&#8220;#222222&#8243; column_padding=&#8220;padding-5&#8243; text_color=&#8220;custom&#8220; custom_text_color=&#8220;#1cbac8&#8243; width=&#8220;1\/2&#8243;][vc_row_inner][vc_column_inner][\/vc_column_inner][\/vc_row_inner][vc_row_inner][vc_column_inner width=&#8220;1\/3&#8243;][\/vc_column_inner][vc_column_inner width=&#8220;1\/3&#8243;][\/vc_column_inner][vc_column_inner width=&#8220;1\/3&#8243;][\/vc_column_inner][\/vc_row_inner][\/vc_column][vc_column bg_color=&#8220;#1cbac8&#8243; column_padding=&#8220;padding-5&#8243; column_center=&#8220;true&#8220; text_color=&#8220;custom&#8220; width=&#8220;1\/2&#8243;][\/vc_column][\/vc_row]<\/p>\n","protected":false},"author":1,"featured_media":0,"parent":0,"menu_order":0,"comment_status":"closed","ping_status":"closed","template":"","meta":[],"_links":{"self":[{"href":"https:\/\/www.meta-agencies.com\/gemeinsamfuerried\/wp-json\/wp\/v2\/pages\/17073"}],"collection":[{"href":"https:\/\/www.meta-agencies.com\/gemeinsamfuerried\/wp-json\/wp\/v2\/pages"}],"about":[{"href":"https:\/\/www.meta-agencies.com\/gemeinsamfuerried\/wp-json\/wp\/v2\/types\/page"}],"author":[{"embeddable":true,"href":"https:\/\/www.meta-agencies.com\/gemeinsamfuerried\/wp-json\/wp\/v2\/users\/1"}],"replies":[{"embeddable":true,"href":"https:\/\/www.meta-agencies.com\/gemeinsamfuerried\/wp-json\/wp\/v2\/comments?post=17073"}],"version-history":[{"count":16,"href":"https:\/\/www.meta-agencies.com\/gemeinsamfuerried\/wp-json\/wp\/v2\/pages\/17073\/revisions"}],"predecessor-version":[{"id":17089,"href":"https:\/\/www.meta-agencies.com\/gemeinsamfuerried\/wp-json\/wp\/v2\/pages\/17073\/revisions\/17089"}],"wp:attachment":[{"href":"https:\/\/www.meta-agencies.com\/gemeinsamfuerried\/wp-json\/wp\/v2\/media?parent=17073"}],"curies":[{"name":"wp","href":"https:\/\/api.w.org\/{rel}","templated":true}]}}