{"id":3208,"date":"2013-11-20T16:15:25","date_gmt":"2013-11-20T15:15:25","guid":{"rendered":"http:\/\/localhost:8888\/themes\/novice\/?page_id=3208"},"modified":"2017-03-10T20:51:54","modified_gmt":"2017-03-10T19:51:54","slug":"infoportal","status":"publish","type":"page","link":"https:\/\/www.meta-agencies.com\/gemeinsamfuerried\/infoportal\/","title":{"rendered":"INFOPORTAL"},"content":{"rendered":"<p>[vc_row bg_image=&#8220;15255&#8243; top_padding=&#8220;100&#8243; bottom_padding=&#8220;100&#8243;][vc_column width=&#8220;1\/3&#8243;]<div class=\"flip\"><div class=\"iconbox  iconbox-style-9 icon-color-accent color-dark card clearfix\"><div class=\"iconbox-box1 face front\"><table><tr><td><i class=\"fa fa-sticky-note-o boxicon\" style=\"\"><\/i><h3>Anfragen<\/h3><\/td><\/tr><\/table><\/div><div class=\"iconbox-box2 face back\"><table><tr><td><h3>Anfragen<\/h3><p>Hier finden Sie einen \u00dcberblick der schriftlichen Anfragen an den B\u00fcrgermeister, Vize-B\u00fcrgermeister und die Gemeindeverwaltung vor.<\/p>\n<a href=\"http:\/\/www.meta-agencies.com\/gemeinsamfuerried\/anfragen\/\" target=\"_self\" class=\"button color-4 small \" style=\"border-radius: 2px;\">ansehen<\/a><\/p><\/td><\/tr><\/table><\/div><\/div><\/div><div class=\"spacer\" style=\"height: 40px;\"><\/div><div class=\"flip\"><div class=\"iconbox  iconbox-style-9 icon-color-accent color-dark card clearfix\"><div class=\"iconbox-box1 face front\"><table><tr><td><i class=\"fa sl-screen-desktop boxicon\" style=\"\"><\/i><h3>Kundmachungen<\/h3><\/td><\/tr><\/table><\/div><div class=\"iconbox-box2 face back\"><table><tr><td><h3>Kundmachungen<\/h3><p>Sehen Sie aktuelle und vergangene Kundmachungen der Gemeinde Ried ein und informieren Sie sich \u00fcber die zuk\u00fcnftige Vorhaben in unserer Gemeinde.<\/p>\n<a href=\"http:\/\/www.meta-agencies.com\/gemeinsamfuerried\/kundmachungen\/\" target=\"_self\" class=\"button color-4 small \" style=\"border-radius: 2px;\">ansehen<\/a><\/p><\/td><\/tr><\/table><\/div><\/div><\/div>[\/vc_column][vc_column width=&#8220;1\/3&#8243;]<div class=\"flip\"><div class=\"iconbox  iconbox-style-9 icon-color-accent color-dark card clearfix\"><div class=\"iconbox-box1 face front\"><table><tr><td><i class=\"fa sl-envelope-letter boxicon\" style=\"\"><\/i><h3>Aktuelle Informationen<\/h3><\/td><\/tr><\/table><\/div><div class=\"iconbox-box2 face back\"><table><tr><td><h3>Aktuelle Informationen<\/h3><p>Im unserem Archiv finden Sie aktuelle Informationen f\u00fcr unsere Gemeinde Ried vor.<\/p>\n<a href=\"http:\/\/www.meta-agencies.com\/gemeinsamfuerried\/aktuelle-informationen\/\" target=\"_self\" class=\"button color-4 small \" style=\"border-radius: 2px;\">ansehen<\/a><\/p><\/td><\/tr><\/table><\/div><\/div><\/div><div class=\"spacer\" style=\"height: 40px;\"><\/div><div class=\"flip\"><div class=\"iconbox  iconbox-style-9 icon-color-accent color-dark card clearfix\"><div class=\"iconbox-box1 face front\"><table><tr><td><i class=\"fa sl-support boxicon\" style=\"\"><\/i><h3>Niederschriften \/ Beschl\u00fcsse<\/h3><\/td><\/tr><\/table><\/div><div class=\"iconbox-box2 face back\"><table><tr><td><h3>Niederschriften \/ Beschl\u00fcsse<\/h3><p>Im Archiv finden Sie neben aktuellen Protokollen auch Niederschiften und Beschl\u00fcsse vergangener Gemeinderatssitzungen ab 2010 vor.<\/p>\n<a href=\"http:\/\/www.meta-agencies.com\/gemeinsamfuerried\/niederschriften\/\" target=\"_self\" class=\"button color-4 small \" style=\"border-radius: 2px;\">ansehen<\/a><\/p><\/td><\/tr><\/table><\/div><\/div><\/div>[\/vc_column][vc_column width=&#8220;1\/3&#8243;]<div class=\"flip\"><div class=\"iconbox  iconbox-style-9 icon-color-accent color-dark card clearfix\"><div class=\"iconbox-box1 face front\"><table><tr><td><i class=\"fa sl-bag boxicon\" style=\"\"><\/i><h3>Initiativen - Antr\u00e4ge<\/h3><\/td><\/tr><\/table><\/div><div class=\"iconbox-box2 face back\"><table><tr><td><h3>Initiativen - Antr\u00e4ge<\/h3><p>Machen Sie sich ein Bild von unserer geleisteten Arbeit im Rieder Gemeinderat und sehen Sie zudem zahlreiche unserer eingebrachten Antr\u00e4ge online ein.<\/p>\n<a href=\"http:\/\/www.meta-agencies.com\/gemeinsamfuerried\/initiativen\/\" target=\"_self\" class=\"button color-4 small \" style=\"border-radius: 2px;\">ansehen<\/a><\/p><\/td><\/tr><\/table><\/div><\/div><\/div><div class=\"spacer\" style=\"height: 40px;\"><\/div><div class=\"flip\"><div class=\"iconbox  iconbox-style-9 icon-color-accent color-dark card clearfix\"><div class=\"iconbox-box1 face front\"><table><tr><td><i class=\"fa sl-energy boxicon\" style=\"\"><\/i><h3>Spezielle Informationen<\/h3><\/td><\/tr><\/table><\/div><div class=\"iconbox-box2 face back\"><table><tr><td><h3>Spezielle Informationen<\/h3><p>In unserem Archiv finden Sie spezielle Informationen f\u00fcr unsere Gemeinde Ried vor.<\/p>\n<a href=\"http:\/\/www.meta-agencies.com\/gemeinsamfuerried\/spezielle-informationen\/\" target=\"_self\" class=\"button color-4 small \" style=\"border-radius: 2px;\">ansehen<\/a><\/p><\/td><\/tr><\/table><\/div><\/div><\/div>[\/vc_column][\/vc_row][vc_row top_padding=&#8220;100&#8243; bottom_padding=&#8220;100&#8243; bg_position=&#8220;left top&#8220;][vc_column width=&#8220;1\/3&#8243;]<h3 class=\"headline font-special fontsize-m fontweight-700 lh-16 align-left transform-uppercase \" style=\"margin: 0;\">RIED BRAUCHT EINE AUFGESCHLOSSENE UND ZUKUNFTSORIENTIERTE GEMEINDEPOLITIK !<\/h3><div class=\"divider divider5\" style='margin:20px 0 0 0 !important;'><\/div>[\/vc_column][vc_column width=&#8220;1\/3&#8243;]<div class=\"iconbox  wpb_content_element iconbox-style-2 icon-color-greyscale color-dark clearfix\"><div class=\"iconbox-icon\"><i class=\"fa sl-layers boxicon\" style=\"\"><\/i><\/div><div class=\"iconbox-content\"><h3>B\u00fcrgerforum einrichten<\/h3><p>Allen Rieder B\u00fcrgerinnen und B\u00fcrger soll die M\u00f6glichkeit geboten werden, sich aktiv in den politischen Entscheidungsprozess einzubrin- gen und ihre Ansichten gemeinsam mit den VertreterInnen der Gemeinde zu diskutieren.<\/p><\/div><\/div><div class=\"spacer\" style=\"height: 10px;\"><\/div><div class=\"iconbox  wpb_content_element iconbox-style-2 icon-color-greyscale color-dark clearfix\"><div class=\"iconbox-icon\"><i class=\"fa sl-book-open boxicon\" style=\"\"><\/i><\/div><div class=\"iconbox-content\"><h3>Gemeindezeitung installieren<\/h3><p>Neben der Informationsfunktion, tr\u00e4gt eine periodisch erscheinende Gemeindezeitung vor allem zu mehr Transparenz in Bezug auf die Akteure, Arbeitsweisen und Vorhaben unserer Gemeindepolitik bei und schafft mehr<\/p><\/div><\/div>[\/vc_column][vc_column width=&#8220;1\/3&#8243;]<div class=\"iconbox  wpb_content_element iconbox-style-2 icon-color-greyscale color-dark clearfix\"><div class=\"iconbox-icon\"><i class=\"fa sl-badge boxicon\" style=\"\"><\/i><\/div><div class=\"iconbox-content\"><h3>Verantwortung \u00fcbernehmen<\/h3><p>Als die gew\u00e4hlten VertreterInnen der Rieder B\u00fcrgerInnen z\u00e4hlen wir die Sicherstellung von fairem, zukunftsorientiertem, objektivem und vor allem unbefangenem Handeln <strong>aller<\/strong> Rieder Gemeinder\u00e4tInnen zu unseren Pflichten.<\/p><\/div><\/div><div class=\"spacer\" style=\"height: 10px;\"><\/div><div class=\"iconbox  wpb_content_element iconbox-style-2 icon-color-greyscale color-dark clearfix\"><div class=\"iconbox-icon\"><i class=\"fa sl-check boxicon\" style=\"\"><\/i><\/div><div class=\"iconbox-content\"><h3>Serviceangebot erweitern<\/h3><p>Die Umgestaltung unserer Gemeinde zu einem serviceorientierten Dienstleistungbetrieb, etwa mit Abendsprechstunden f\u00fcr Berufst\u00e4tige und M\u00fctter, tr\u00e4gt zum Allgemeinwohl und zur Ent- lastung unserer Gemeinschaft bei.<\/p><\/div><\/div>[\/vc_column][\/vc_row][vc_row type=&#8220;full_width_section&#8220; bottom_padding=&#8220;80&#8243; bg_position=&#8220;left top&#8220;][vc_column bg_color=&#8220;#222222&#8243; column_padding=&#8220;padding-5&#8243; text_color=&#8220;custom&#8220; custom_text_color=&#8220;#1cbac8&#8243; width=&#8220;1\/2&#8243;]<h1 class=\"headline font-special fontsize-xxxxxl fontweight-inherit lh-12 align-left transform-uppercase \" style=\"margin: 0 0 20px 0; color: #1cbac8;\">WISSEN,<br \/>\nERFAHRUNG UND FRISCHE <span style=\"color: #ffffff;\">IDEEN.<\/span><\/h1>[\/vc_column][vc_column bg_color=&#8220;#1cbac8&#8243; column_padding=&#8220;padding-5&#8243; column_center=&#8220;true&#8220; text_color=&#8220;light&#8220; width=&#8220;1\/2&#8243;]<div class=\"iconbox  wpb_content_element iconbox-style-2 icon-color-greyscale color-dark clearfix\"><div class=\"iconbox-icon\"><i class=\"fa sl-settings boxicon\" style=\"\"><\/i><\/div><div class=\"iconbox-content\"><h3>Alle Altersklassen und Schichten wahrnehmen<\/h3><p>Stet clita kasd gubergren, no sea takimata sanctus est Lorem ipsum dolor sit amet. Lorem ipsum dolor sit amet, consetetur sadipscing elitr.<\/p><\/div><\/div><div class=\"iconbox  wpb_content_element iconbox-style-2 icon-color-greyscale color-dark clearfix\"><div class=\"iconbox-icon\"><i class=\"fa sl-layers boxicon\" style=\"\"><\/i><\/div><div class=\"iconbox-content\"><h3>Anliegen der B\u00fcrgerInnen ernst nehmen<\/h3><p>Stet clita kasd gubergren, no sea takimata sanctus est Lorem ipsum dolor sit amet. Lorem ipsum dolor sit amet, consetetur sadipscing elitr.<\/p><\/div><\/div><div class=\"iconbox  wpb_content_element iconbox-style-2 icon-color-greyscale color-dark clearfix\"><div class=\"iconbox-icon\"><i class=\"fa sl-heart boxicon\" style=\"\"><\/i><\/div><div class=\"iconbox-content\"><h3>Nachhaltigkeit durch bedachte Entscheidungsprozesse<\/h3><p>Stet clita kasd gubergren, no sea takimata sanctus est Lorem ipsum dolor sit amet. Lorem ipsum dolor sit amet, consetetur sadipscing elitr.<\/p><\/div><\/div>[\/vc_column][\/vc_row]<\/p>\n","protected":false},"excerpt":{"rendered":"<p>[vc_row bg_image=&#8220;15255&#8243; top_padding=&#8220;100&#8243; bottom_padding=&#8220;100&#8243;][vc_column width=&#8220;1\/3&#8243;][\/vc_column][vc_column width=&#8220;1\/3&#8243;][\/vc_column][vc_column width=&#8220;1\/3&#8243;][\/vc_column][\/vc_row][vc_row top_padding=&#8220;100&#8243; bottom_padding=&#8220;100&#8243; bg_position=&#8220;left top&#8220;][vc_column width=&#8220;1\/3&#8243;][\/vc_column][vc_column width=&#8220;1\/3&#8243;][\/vc_column][vc_column width=&#8220;1\/3&#8243;][\/vc_column][\/vc_row][vc_row type=&#8220;full_width_section&#8220; bottom_padding=&#8220;80&#8243; bg_position=&#8220;left top&#8220;][vc_column bg_color=&#8220;#222222&#8243; column_padding=&#8220;padding-5&#8243; text_color=&#8220;custom&#8220; custom_text_color=&#8220;#1cbac8&#8243; width=&#8220;1\/2&#8243;][\/vc_column][vc_column bg_color=&#8220;#1cbac8&#8243; column_padding=&#8220;padding-5&#8243; column_center=&#8220;true&#8220; text_color=&#8220;light&#8220; width=&#8220;1\/2&#8243;][\/vc_column][\/vc_row]<\/p>\n","protected":false},"author":1,"featured_media":0,"parent":0,"menu_order":0,"comment_status":"closed","ping_status":"closed","template":"","meta":[],"_links":{"self":[{"href":"https:\/\/www.meta-agencies.com\/gemeinsamfuerried\/wp-json\/wp\/v2\/pages\/3208"}],"collection":[{"href":"https:\/\/www.meta-agencies.com\/gemeinsamfuerried\/wp-json\/wp\/v2\/pages"}],"about":[{"href":"https:\/\/www.meta-agencies.com\/gemeinsamfuerried\/wp-json\/wp\/v2\/types\/page"}],"author":[{"embeddable":true,"href":"https:\/\/www.meta-agencies.com\/gemeinsamfuerried\/wp-json\/wp\/v2\/users\/1"}],"replies":[{"embeddable":true,"href":"https:\/\/www.meta-agencies.com\/gemeinsamfuerried\/wp-json\/wp\/v2\/comments?post=3208"}],"version-history":[{"count":68,"href":"https:\/\/www.meta-agencies.com\/gemeinsamfuerried\/wp-json\/wp\/v2\/pages\/3208\/revisions"}],"predecessor-version":[{"id":17190,"href":"https:\/\/www.meta-agencies.com\/gemeinsamfuerried\/wp-json\/wp\/v2\/pages\/3208\/revisions\/17190"}],"wp:attachment":[{"href":"https:\/\/www.meta-agencies.com\/gemeinsamfuerried\/wp-json\/wp\/v2\/media?parent=3208"}],"curies":[{"name":"wp","href":"https:\/\/api.w.org\/{rel}","templated":true}]}}